{"id":104,"date":"2025-12-14T18:12:27","date_gmt":"2025-12-14T17:12:27","guid":{"rendered":"http:\/\/roboczaxybergen.pl\/?page_id=104"},"modified":"2025-12-16T11:20:16","modified_gmt":"2025-12-16T10:20:16","slug":"oswietlenie-sceniczne","status":"publish","type":"page","link":"http:\/\/roboczaxybergen.pl\/?page_id=104","title":{"rendered":"O\u015bwietlenie sceniczne"},"content":{"rendered":"\t\t<div data-elementor-type=\"wp-page\" data-elementor-id=\"104\" class=\"elementor elementor-104\">\n\t\t\t\t<div class=\"elementor-element elementor-element-02de356 e-flex e-con-boxed e-con e-parent\" data-id=\"02de356\" data-element_type=\"container\" data-settings=\"{&quot;background_background&quot;:&quot;classic&quot;}\">\n\t\t\t\t\t<div class=\"e-con-inner\">\n\t\t<div class=\"elementor-element elementor-element-a011df2 e-con-full e-grid e-con e-child\" data-id=\"a011df2\" data-element_type=\"container\">\n\t\t<div class=\"elementor-element elementor-element-25e62e0 e-con-full e-flex e-con e-child\" data-id=\"25e62e0\" data-element_type=\"container\">\n\t\t\t\t<div class=\"elementor-element elementor-element-9f00768 elementor-widget elementor-widget-heading\" data-id=\"9f00768\" data-element_type=\"widget\" data-widget_type=\"heading.default\">\n\t\t\t\t\t<h2 class=\"elementor-heading-title elementor-size-default\">O\u015bwietlenie sceniczne<\/h2>\t\t\t\t<\/div>\n\t\t\t\t<div class=\"elementor-element elementor-element-b67cbb2 elementor-widget elementor-widget-button\" data-id=\"b67cbb2\" data-element_type=\"widget\" data-widget_type=\"button.default\">\n\t\t\t\t\t\t\t\t\t\t<a class=\"elementor-button elementor-button-link elementor-size-sm\" href=\"http:\/\/roboczaxybergen.pl\/\">\n\t\t\t\t\t\t<span class=\"elementor-button-content-wrapper\">\n\t\t\t\t\t\t\t\t\t<span class=\"elementor-button-text\">Strona g\u0142\u00f3wna<\/span>\n\t\t\t\t\t<\/span>\n\t\t\t\t\t<\/a>\n\t\t\t\t\t\t\t\t<\/div>\n\t\t\t\t<div class=\"elementor-element elementor-element-01cf82e elementor-widget elementor-widget-text-editor\" data-id=\"01cf82e\" data-element_type=\"widget\" data-widget_type=\"text-editor.default\">\n\t\t\t\t\t\t\t\t\t<h2 data-path-to-node=\"0\">Projektowanie i Realizacja O\u015bwietlenia Scenicznego (Stage Lighting Solutions)<\/h2><p data-path-to-node=\"1\">Kreujemy <b>niezapomnian\u0105 atmosfer\u0119 wizualn\u0105<\/b> dla ka\u017cdego typu wydarzenia. O\u015bwietlenie sceniczne stanowi <b>kluczowy element<\/b> buduj\u0105cy emocjonalny klimat koncertu, eventu korporacyjnego, gali, festiwalu czy pokazu. Dzi\u0119ki zastosowaniu najnowocze\u015bniejszych technologii oraz do\u015bwiadczeniu naszego zespo\u0142u, Pa\u0144stwa wydarzenie zyska <b>wyj\u0105tkow\u0105, profesjonaln\u0105 opraw\u0119 wizualn\u0105<\/b>.<\/p><hr data-path-to-node=\"2\" \/><h3 data-path-to-node=\"3\">Dlaczego Nasze Systemy O\u015bwietleniowe?<\/h3><ul data-path-to-node=\"4\"><li><p data-path-to-node=\"4,0,0\"><b>Pe\u0142na Obs\u0142uga Projektowa i Realizacyjna:<\/b> Zapewniamy <b>kompleksowe wsparcie techniczne<\/b> obejmuj\u0105ce projektowanie, monta\u017c instalacji o\u015bwietleniowej, a\u017c po programowanie i profesjonaln\u0105 realizacj\u0119 na \u017cywo.<\/p><\/li><li><p data-path-to-node=\"4,1,0\"><b>Sprz\u0119t Premium Renomowanych Producent\u00f3w:<\/b> Korzystamy wy\u0142\u0105cznie ze sprz\u0119tu scenicznego \u015bwiatowych marek, w tym: <b>ruchome g\u0142owy (wash, spot, beam)<\/b>, reflektory <b>LED<\/b>, <b>blindery<\/b>, <b>stroboskopy<\/b> oraz zaawansowane <b>efekty specjalne<\/b>.<\/p><\/li><li><p data-path-to-node=\"4,2,0\"><b>Precyzyjna Synchronizacja Wizualna:<\/b> Tworzymy zaawansowane <b>scenariusze \u015bwietlne<\/b> idealnie zsynchronizowane z lini\u0105 muzyczn\u0105, narracj\u0105 prowadz\u0105cego, kluczowymi elementami show, czy identyfikacj\u0105 wizualn\u0105 (brandingiem) firmy.<\/p><\/li><li><p data-path-to-node=\"4,3,0\"><b>Niezawodno\u015b\u0107 i Zgodno\u015b\u0107 z Normami:<\/b> Wszystkie instalacje s\u0105 realizowane zgodnie z obowi\u0105zuj\u0105cymi normami technicznymi i zasadami BHP, gwarantuj\u0105c <b>bezawaryjne dzia\u0142anie system\u00f3w<\/b> przez ca\u0142y czas trwania wydarzenia.<\/p><\/li><\/ul><hr data-path-to-node=\"5\" \/><h3 data-path-to-node=\"6\">Zakres Us\u0142ug O\u015bwietleniowych:<\/h3><ul data-path-to-node=\"7\"><li><p data-path-to-node=\"7,0,0\"><b>Projekt i Wizualizacja O\u015bwietlenia Scenicznego<\/b> dopasowany do specyfiki miejsca i charakteru eventu.<\/p><\/li><li><p data-path-to-node=\"7,1,0\"><b>Monta\u017c, okablowanie i konfiguracja<\/b> zaawansowanych urz\u0105dze\u0144 o\u015bwietleniowych.<\/p><\/li><li><p data-path-to-node=\"7,2,0\"><b>Obs\u0142uga techniczna (Light Operator)<\/b> i realizacja o\u015bwietlenia w czasie rzeczywistym.<\/p><\/li><li><p data-path-to-node=\"7,3,0\"><b>Programowanie z\u0142o\u017conych efekt\u00f3w \u015bwietlnych<\/b> i sekwencji czasowych.<\/p><\/li><li><p data-path-to-node=\"7,4,0\">Dostarczanie specjalistycznego o\u015bwietlenia: <b>koncertowe, teatralne, eventowe i korporacyjne<\/b>.<\/p><\/li><li><p data-path-to-node=\"7,5,0\"><b>Efekty specjalne<\/b> w\u0142\u0105czaj\u0105c: <b>wytwornice dymu, hazery (mg\u0142a), systemy laserowe<\/b> oraz zaawansowane <b>efekty \u015bwietlne RGB\/Mapping<\/b>.<\/p><\/li><\/ul><h3 data-path-to-node=\"8\">Zastosowanie:<\/h3><ul data-path-to-node=\"9\"><li><p data-path-to-node=\"9,0,0\"><b>Koncerty, Festiwale i Wydarzenia Muzyczne<\/b><\/p><\/li><li><p data-path-to-node=\"9,1,0\"><b>Eventy Firmowe, Gale i Ceremonie<\/b><\/p><\/li><li><p data-path-to-node=\"9,2,0\"><b>Eleganckie Wesela i Bankiety<\/b><\/p><\/li><li><p data-path-to-node=\"9,3,0\"><b>Konferencje, Prezentacje i Premiery Produkt\u00f3w<\/b><\/p><\/li><\/ul>\t\t\t\t\t\t\t\t<\/div>\n\t\t\t\t<\/div>\n\t\t<div class=\"elementor-element elementor-element-393b7ef e-con-full e-flex e-con e-child\" data-id=\"393b7ef\" data-element_type=\"container\">\n\t\t\t\t<div class=\"elementor-element elementor-element-d5e64ce elementor-widget elementor-widget-image\" data-id=\"d5e64ce\" data-element_type=\"widget\" data-widget_type=\"image.default\">\n\t\t\t\t\t\t\t\t\t\t\t\t\t\t\t<img fetchpriority=\"high\" decoding=\"async\" width=\"1024\" height=\"613\" src=\"http:\/\/roboczaxybergen.pl\/wp-content\/uploads\/2025\/12\/Kenik_0030-1024x613.jpg\" class=\"attachment-large size-large wp-image-65\" alt=\"\" srcset=\"http:\/\/roboczaxybergen.pl\/wp-content\/uploads\/2025\/12\/Kenik_0030-1024x613.jpg 1024w, http:\/\/roboczaxybergen.pl\/wp-content\/uploads\/2025\/12\/Kenik_0030-300x180.jpg 300w, http:\/\/roboczaxybergen.pl\/wp-content\/uploads\/2025\/12\/Kenik_0030-768x460.jpg 768w, http:\/\/roboczaxybergen.pl\/wp-content\/uploads\/2025\/12\/Kenik_0030-1536x920.jpg 1536w, http:\/\/roboczaxybergen.pl\/wp-content\/uploads\/2025\/12\/Kenik_0030-2048x1226.jpg 2048w\" sizes=\"(max-width: 1024px) 100vw, 1024px\" \/>\t\t\t\t\t\t\t\t\t\t\t\t\t\t\t<\/div>\n\t\t\t\t<\/div>\n\t\t\t\t<\/div>\n\t\t\t\t\t<\/div>\n\t\t\t\t<\/div>\n\t\t\t\t<\/div>\n\t\t","protected":false},"excerpt":{"rendered":"<p>O\u015bwietlenie sceniczne Strona g\u0142\u00f3wna Projektowanie i Realizacja O\u015bwietlenia Scenicznego (Stage Lighting Solutions) Kreujemy niezapomnian\u0105 atmosfer\u0119 wizualn\u0105 dla ka\u017cdego typu wydarzenia. O\u015bwietlenie sceniczne stanowi kluczowy element buduj\u0105cy emocjonalny klimat koncertu, eventu korporacyjnego, gali, festiwalu czy pokazu. Dzi\u0119ki zastosowaniu najnowocze\u015bniejszych technologii oraz do\u015bwiadczeniu naszego zespo\u0142u, Pa\u0144stwa wydarzenie zyska wyj\u0105tkow\u0105, profesjonaln\u0105 opraw\u0119 wizualn\u0105. Dlaczego Nasze Systemy O\u015bwietleniowe? Pe\u0142na [&hellip;]<\/p>\n","protected":false},"author":1,"featured_media":0,"parent":0,"menu_order":0,"comment_status":"closed","ping_status":"closed","template":"elementor_header_footer","meta":{"footnotes":""},"class_list":["post-104","page","type-page","status-publish","hentry"],"_links":{"self":[{"href":"http:\/\/roboczaxybergen.pl\/index.php?rest_route=\/wp\/v2\/pages\/104","targetHints":{"allow":["GET"]}}],"collection":[{"href":"http:\/\/roboczaxybergen.pl\/index.php?rest_route=\/wp\/v2\/pages"}],"about":[{"href":"http:\/\/roboczaxybergen.pl\/index.php?rest_route=\/wp\/v2\/types\/page"}],"author":[{"embeddable":true,"href":"http:\/\/roboczaxybergen.pl\/index.php?rest_route=\/wp\/v2\/users\/1"}],"replies":[{"embeddable":true,"href":"http:\/\/roboczaxybergen.pl\/index.php?rest_route=%2Fwp%2Fv2%2Fcomments&post=104"}],"version-history":[{"count":7,"href":"http:\/\/roboczaxybergen.pl\/index.php?rest_route=\/wp\/v2\/pages\/104\/revisions"}],"predecessor-version":[{"id":228,"href":"http:\/\/roboczaxybergen.pl\/index.php?rest_route=\/wp\/v2\/pages\/104\/revisions\/228"}],"wp:attachment":[{"href":"http:\/\/roboczaxybergen.pl\/index.php?rest_route=%2Fwp%2Fv2%2Fmedia&parent=104"}],"curies":[{"name":"wp","href":"https:\/\/api.w.org\/{rel}","templated":true}]}}