{"id":112,"date":"2025-12-14T18:24:05","date_gmt":"2025-12-14T17:24:05","guid":{"rendered":"http:\/\/roboczaxybergen.pl\/?page_id=112"},"modified":"2025-12-16T11:17:50","modified_gmt":"2025-12-16T10:17:50","slug":"naglosnienie","status":"publish","type":"page","link":"http:\/\/roboczaxybergen.pl\/?page_id=112","title":{"rendered":"Nag\u0142o\u015bnienie"},"content":{"rendered":"\t\t<div data-elementor-type=\"wp-page\" data-elementor-id=\"112\" class=\"elementor elementor-112\">\n\t\t\t\t<div class=\"elementor-element elementor-element-1a520a99 e-flex e-con-boxed e-con e-parent\" data-id=\"1a520a99\" data-element_type=\"container\" data-settings=\"{&quot;background_background&quot;:&quot;classic&quot;}\">\n\t\t\t\t\t<div class=\"e-con-inner\">\n\t\t<div class=\"elementor-element elementor-element-741b118f e-con-full e-grid e-con e-child\" data-id=\"741b118f\" data-element_type=\"container\">\n\t\t<div class=\"elementor-element elementor-element-25ef8a9a e-con-full e-flex e-con e-child\" data-id=\"25ef8a9a\" data-element_type=\"container\">\n\t\t\t\t<div class=\"elementor-element elementor-element-4922c59 elementor-widget elementor-widget-heading\" data-id=\"4922c59\" data-element_type=\"widget\" data-widget_type=\"heading.default\">\n\t\t\t\t\t<h2 class=\"elementor-heading-title elementor-size-default\">Nag\u0142o\u015bnienie<\/h2>\t\t\t\t<\/div>\n\t\t\t\t<div class=\"elementor-element elementor-element-25dd7b47 elementor-widget elementor-widget-button\" data-id=\"25dd7b47\" data-element_type=\"widget\" data-widget_type=\"button.default\">\n\t\t\t\t\t\t\t\t\t\t<a class=\"elementor-button elementor-button-link elementor-size-sm\" href=\"http:\/\/roboczaxybergen.pl\/\">\n\t\t\t\t\t\t<span class=\"elementor-button-content-wrapper\">\n\t\t\t\t\t\t\t\t\t<span class=\"elementor-button-text\">Strona g\u0142\u00f3wna<\/span>\n\t\t\t\t\t<\/span>\n\t\t\t\t\t<\/a>\n\t\t\t\t\t\t\t\t<\/div>\n\t\t\t\t<div class=\"elementor-element elementor-element-1de6bf79 elementor-widget elementor-widget-text-editor\" data-id=\"1de6bf79\" data-element_type=\"widget\" data-widget_type=\"text-editor.default\">\n\t\t\t\t\t\t\t\t\t<h2 data-path-to-node=\"0\">Profesjonalne Systemy Nag\u0142o\u015bnieniowe i Realizacja D\u017awi\u0119ku (Audio Solutions)<\/h2><p data-path-to-node=\"1\">Oferujemy kompleksow\u0105 obs\u0142ug\u0119 w zakresie profesjonalnej realizacji d\u017awi\u0119ku, gwarantuj\u0105c <b>krystalicznie czyste, wyra\u017ane i dynamiczne brzmienie<\/b> na ka\u017cdym wydarzeniu. Skalowalno\u015b\u0107 naszych system\u00f3w audio pozwala na perfekcyjne dostosowanie rozwi\u0105zania \u2013 od <b>kameralnych spotka\u0144 biznesowych<\/b> po <b>wielkoformatowe koncerty<\/b> i <b>festiwale<\/b>, zapewniaj\u0105c najwy\u017csz\u0105 jako\u015b\u0107 wra\u017ce\u0144 s\u0142uchowych.<\/p><hr data-path-to-node=\"2\" \/><h3 data-path-to-node=\"3\">Dlaczego Warto Wybra\u0107 Nasze Systemy Audio?<\/h3><ul data-path-to-node=\"4\"><li><p data-path-to-node=\"4,0,0\"><b>Wysoka Jako\u015b\u0107 Brzmienia i Potencja\u0142 Akustyczny:<\/b> Korzystamy wy\u0142\u0105cznie z nowoczesnych system\u00f3w nag\u0142o\u015bnieniowych wiod\u0105cych \u015bwiatowych producent\u00f3w (Pro Audio), co jest gwarancj\u0105 najwy\u017cszej klasy brzmienia, dynamiki i pe\u0142nej niezawodno\u015bci.<\/p><\/li><li><p data-path-to-node=\"4,1,0\"><b>Optymalna Konfiguracja Akustyczna:<\/b> Sprz\u0119t jest precyzyjnie dobierany i konfigurowany w oparciu o typ wydarzenia, charakterystyk\u0119 architektoniczn\u0105 obiektu, akustyk\u0119 pomieszczenia oraz szacowan\u0105 liczb\u0119 uczestnik\u00f3w, w celu osi\u0105gni\u0119cia optymalnego pokrycia d\u017awi\u0119kiem (sound coverage).<\/p><\/li><li><p data-path-to-node=\"4,2,0\"><b>Wsparcie Realizator\u00f3w D\u017awi\u0119ku:<\/b> Nasi do\u015bwiadczeni realizatorzy techniczni czuwaj\u0105 nad prawid\u0142owym ustawieniem i kalibracj\u0105 mikrofon\u00f3w, mikser\u00f3w i zestaw\u00f3w g\u0142o\u015bnikowych (PA Systems), zapewniaj\u0105c sta\u0142\u0105 kontrol\u0119 nad jako\u015bci\u0105 brzmienia przez ca\u0142y czas trwania eventu.<\/p><\/li><li><p data-path-to-node=\"4,3,0\"><b>Niezawodno\u015b\u0107 i Bezpiecze\u0144stwo Techniczne:<\/b> Ca\u0142e wyposa\u017cenie jest poddawane regularnym przegl\u0105dom serwisowym i konserwacji, co zapewnia pe\u0142n\u0105 gotowo\u015b\u0107 do pracy w ka\u017cdych, nawet najbardziej wymagaj\u0105cych warunkach.<\/p><\/li><\/ul><hr data-path-to-node=\"5\" \/><h3 data-path-to-node=\"6\">Zakres \u015awiadczonych Us\u0142ug:<\/h3><ul data-path-to-node=\"7\"><li><p data-path-to-node=\"7,0,0\">Audyt i dob\u00f3r dedykowanego systemu nag\u0142o\u015bnieniowego.<\/p><\/li><li><p data-path-to-node=\"7,1,0\">Pe\u0142en zakres us\u0142ug instalacyjnych, konfiguracja i profesjonalne testy (soundcheck).<\/p><\/li><li><p data-path-to-node=\"7,2,0\">Kompleksowa obs\u0142uga techniczna i realizacja d\u017awi\u0119ku na \u017cywo (live sound engineering).<\/p><\/li><li><p data-path-to-node=\"7,3,0\">Dost\u0119p do szerokiej gamy mikrofon\u00f3w: od system\u00f3w bezprzewodowych (r\u00f3\u017cne pasma) po mikrofony dedykowane (wokalne, instrumentalne, konferencyjne).<\/p><\/li><li><p data-path-to-node=\"7,4,0\">Dostarczanie zaawansowanych system\u00f3w <b>Line Array<\/b>, pot\u0119\u017cnych <b>subwoofer\u00f3w<\/b> oraz precyzyjnych <b>ods\u0142uch\u00f3w scenicznych (monitoringu)<\/b>.<\/p><\/li><li><p data-path-to-node=\"7,5,0\">Specjalistyczne systemy nag\u0142o\u015bnienia dla r\u00f3\u017cnych format\u00f3w: <b>koncerty, eventy korporacyjne, konferencje oraz realizacje w plenerze<\/b>.<\/p><\/li><\/ul><h3 data-path-to-node=\"8\">Idealne Zastosowanie:<\/h3><ul data-path-to-node=\"9\"><li><p data-path-to-node=\"9,0,0\"><b>Koncerty, Festiwale i Tourn\u00e9e Muzyczne<\/b><\/p><\/li><li><p data-path-to-node=\"9,1,0\"><b>Eventy Korporacyjne, Gale, Uroczysto\u015bci Oficjalne<\/b><\/p><\/li><li><p data-path-to-node=\"9,2,0\"><b>Konferencje, Kongresy i Szkolenia Biznesowe<\/b><\/p><\/li><li><p data-path-to-node=\"9,3,0\"><b>Ekskluzywne Bankiety i Imprezy Okoliczno\u015bciowe<\/b><\/p><\/li><li><p data-path-to-node=\"9,4,0\"><b>Wsparcie Audio dla Produkcji Wideo i Transmisji Online (Streaming)<\/b><\/p><\/li><\/ul>\t\t\t\t\t\t\t\t<\/div>\n\t\t\t\t<\/div>\n\t\t<div class=\"elementor-element elementor-element-4534ea5f e-con-full e-flex e-con e-child\" data-id=\"4534ea5f\" data-element_type=\"container\">\n\t\t\t\t<div class=\"elementor-element elementor-element-1c79fd05 elementor-widget elementor-widget-image\" data-id=\"1c79fd05\" data-element_type=\"widget\" data-widget_type=\"image.default\">\n\t\t\t\t\t\t\t\t\t\t\t\t\t\t\t<img fetchpriority=\"high\" decoding=\"async\" width=\"1024\" height=\"768\" src=\"http:\/\/roboczaxybergen.pl\/wp-content\/uploads\/2025\/12\/IMG_2861-1024x768.jpeg\" class=\"attachment-large size-large wp-image-36\" alt=\"\" srcset=\"http:\/\/roboczaxybergen.pl\/wp-content\/uploads\/2025\/12\/IMG_2861-1024x768.jpeg 1024w, http:\/\/roboczaxybergen.pl\/wp-content\/uploads\/2025\/12\/IMG_2861-300x225.jpeg 300w, http:\/\/roboczaxybergen.pl\/wp-content\/uploads\/2025\/12\/IMG_2861-768x576.jpeg 768w, http:\/\/roboczaxybergen.pl\/wp-content\/uploads\/2025\/12\/IMG_2861-1536x1152.jpeg 1536w, http:\/\/roboczaxybergen.pl\/wp-content\/uploads\/2025\/12\/IMG_2861.jpeg 2048w\" sizes=\"(max-width: 1024px) 100vw, 1024px\" \/>\t\t\t\t\t\t\t\t\t\t\t\t\t\t\t<\/div>\n\t\t\t\t<\/div>\n\t\t\t\t<\/div>\n\t\t\t\t\t<\/div>\n\t\t\t\t<\/div>\n\t\t\t\t<\/div>\n\t\t","protected":false},"excerpt":{"rendered":"<p>Nag\u0142o\u015bnienie Strona g\u0142\u00f3wna Profesjonalne Systemy Nag\u0142o\u015bnieniowe i Realizacja D\u017awi\u0119ku (Audio Solutions) Oferujemy kompleksow\u0105 obs\u0142ug\u0119 w zakresie profesjonalnej realizacji d\u017awi\u0119ku, gwarantuj\u0105c krystalicznie czyste, wyra\u017ane i dynamiczne brzmienie na ka\u017cdym wydarzeniu. Skalowalno\u015b\u0107 naszych system\u00f3w audio pozwala na perfekcyjne dostosowanie rozwi\u0105zania \u2013 od kameralnych spotka\u0144 biznesowych po wielkoformatowe koncerty i festiwale, zapewniaj\u0105c najwy\u017csz\u0105 jako\u015b\u0107 wra\u017ce\u0144 s\u0142uchowych. Dlaczego Warto [&hellip;]<\/p>\n","protected":false},"author":1,"featured_media":0,"parent":0,"menu_order":0,"comment_status":"closed","ping_status":"closed","template":"elementor_header_footer","meta":{"footnotes":""},"class_list":["post-112","page","type-page","status-publish","hentry"],"_links":{"self":[{"href":"http:\/\/roboczaxybergen.pl\/index.php?rest_route=\/wp\/v2\/pages\/112","targetHints":{"allow":["GET"]}}],"collection":[{"href":"http:\/\/roboczaxybergen.pl\/index.php?rest_route=\/wp\/v2\/pages"}],"about":[{"href":"http:\/\/roboczaxybergen.pl\/index.php?rest_route=\/wp\/v2\/types\/page"}],"author":[{"embeddable":true,"href":"http:\/\/roboczaxybergen.pl\/index.php?rest_route=\/wp\/v2\/users\/1"}],"replies":[{"embeddable":true,"href":"http:\/\/roboczaxybergen.pl\/index.php?rest_route=%2Fwp%2Fv2%2Fcomments&post=112"}],"version-history":[{"count":6,"href":"http:\/\/roboczaxybergen.pl\/index.php?rest_route=\/wp\/v2\/pages\/112\/revisions"}],"predecessor-version":[{"id":222,"href":"http:\/\/roboczaxybergen.pl\/index.php?rest_route=\/wp\/v2\/pages\/112\/revisions\/222"}],"wp:attachment":[{"href":"http:\/\/roboczaxybergen.pl\/index.php?rest_route=%2Fwp%2Fv2%2Fmedia&parent=112"}],"curies":[{"name":"wp","href":"https:\/\/api.w.org\/{rel}","templated":true}]}}