{"id":116,"date":"2025-12-14T18:25:47","date_gmt":"2025-12-14T17:25:47","guid":{"rendered":"http:\/\/roboczaxybergen.pl\/?page_id=116"},"modified":"2025-12-16T11:16:32","modified_gmt":"2025-12-16T10:16:32","slug":"multimedia","status":"publish","type":"page","link":"http:\/\/roboczaxybergen.pl\/?page_id=116","title":{"rendered":"Multimedia"},"content":{"rendered":"\t\t<div data-elementor-type=\"wp-page\" data-elementor-id=\"116\" class=\"elementor elementor-116\">\n\t\t\t\t<div class=\"elementor-element elementor-element-241d2712 e-flex e-con-boxed e-con e-parent\" data-id=\"241d2712\" data-element_type=\"container\" data-settings=\"{&quot;background_background&quot;:&quot;classic&quot;}\">\n\t\t\t\t\t<div class=\"e-con-inner\">\n\t\t<div class=\"elementor-element elementor-element-5b76782e e-con-full e-grid e-con e-child\" data-id=\"5b76782e\" data-element_type=\"container\">\n\t\t<div class=\"elementor-element elementor-element-51e10679 e-con-full e-flex e-con e-child\" data-id=\"51e10679\" data-element_type=\"container\">\n\t\t\t\t<div class=\"elementor-element elementor-element-6bb845d1 elementor-widget elementor-widget-heading\" data-id=\"6bb845d1\" data-element_type=\"widget\" data-widget_type=\"heading.default\">\n\t\t\t\t\t<h2 class=\"elementor-heading-title elementor-size-default\">Multimedia<\/h2>\t\t\t\t<\/div>\n\t\t\t\t<div class=\"elementor-element elementor-element-49b521d5 elementor-widget elementor-widget-button\" data-id=\"49b521d5\" data-element_type=\"widget\" data-widget_type=\"button.default\">\n\t\t\t\t\t\t\t\t\t\t<a class=\"elementor-button elementor-button-link elementor-size-sm\" href=\"http:\/\/roboczaxybergen.pl\/\">\n\t\t\t\t\t\t<span class=\"elementor-button-content-wrapper\">\n\t\t\t\t\t\t\t\t\t<span class=\"elementor-button-text\">Strona g\u0142\u00f3wna<\/span>\n\t\t\t\t\t<\/span>\n\t\t\t\t\t<\/a>\n\t\t\t\t\t\t\t\t<\/div>\n\t\t\t\t<div class=\"elementor-element elementor-element-68654b37 elementor-widget elementor-widget-text-editor\" data-id=\"68654b37\" data-element_type=\"widget\" data-widget_type=\"text-editor.default\">\n\t\t\t\t\t\t\t\t\t<h2 data-path-to-node=\"0\">Kompleksowe Rozwi\u0105zania Multimedialne: Ekrany LED, Projekcje i Wizualizacje<\/h2><p data-path-to-node=\"1\">Nowoczesne technologie multimedialne stanowi\u0105 fundamentalny element ka\u017cdej <b>profesjonalnej realizacji eventowej<\/b>. Wykorzystuj\u0105c zaawansowane <b>ekrany LED<\/b>, innowacyjne systemy <b>projekcyjne<\/b> oraz <b>kreatywne wizualizacje<\/b>, kreujemy unikatow\u0105 opraw\u0119 wizualn\u0105, kt\u00f3ra skutecznie przyci\u0105ga uwag\u0119 odbiorc\u00f3w i znacz\u0105co wzmacnia przekaz Pa\u0144stwa wydarzenia.<\/p><hr data-path-to-node=\"2\" \/><h3 data-path-to-node=\"3\">Kluczowe Elementy Naszej Oferty:<\/h3><ul data-path-to-node=\"4\"><li><p data-path-to-node=\"4,0,0\"><b>Ekrany LED Wysokiej Rozdzielczo\u015bci:<\/b> Idealne do zastosowa\u0144 podczas <b>koncert\u00f3w, konferencji, gal<\/b> oraz <b>event\u00f3w plenerowych<\/b>. Gwarantuj\u0105 doskona\u0142\u0105 widoczno\u015b\u0107 i jako\u015b\u0107 obrazu, nawet w wymagaj\u0105cych warunkach o\u015bwietleniowych (m.in. w pe\u0142nym s\u0142o\u0144cu).<\/p><\/li><li><p data-path-to-node=\"4,1,0\"><b>Profesjonalne Systemy Projekcyjne:<\/b> Realizujemy projekcje na ekranach tradycyjnych, \u015bcianach, obiektach architektonicznych i niestandardowych powierzchniach, zapewniaj\u0105c najwy\u017csz\u0105 jako\u015b\u0107 obrazu w standardach <b>Full HD i 4K<\/b>.<\/p><\/li><li><p data-path-to-node=\"4,2,0\"><b>Kreatywna Produkcja Wizualna:<\/b> Tworzymy <b>animacje, dedykowan\u0105 opraw\u0119 wideo, t\u0142a sceniczne, grafiki wspieraj\u0105ce wyst\u0105pienia<\/b>, prezentacje oraz zaawansowane <b>efekty specjalne<\/b>.<\/p><\/li><li><p data-path-to-node=\"4,3,0\"><b>Realizacja Wideo na \u017bywo (Live Video Production):<\/b> Zapewniamy <b>kompleksowe zaplecze techniczne<\/b>, w tym kamery, prze\u0142\u0105czniki sygna\u0142\u00f3w wideo, profesjonaln\u0105 <b>rejestracj\u0119 wydarze\u0144<\/b> oraz <b>transmisje online<\/b> (streaming).<\/p><\/li><\/ul><hr data-path-to-node=\"5\" \/><h3 data-path-to-node=\"6\">Nasze Zasoby i Us\u0142ugi:<\/h3><ul data-path-to-node=\"7\"><li><p data-path-to-node=\"7,0,0\">Ekrany LED wewn\u0119trzne (indoor) i zewn\u0119trzne (outdoor)<\/p><\/li><li><p data-path-to-node=\"7,1,0\">Mobilne telebimy (do szybkiego rozmieszczenia)<\/p><\/li><li><p data-path-to-node=\"7,2,0\">Projektory o wysokiej jasno\u015bci i kontra\u015bcie<\/p><\/li><li><p data-path-to-node=\"7,3,0\">Wizualizacje i grafika na indywidualne zam\u00f3wienie (custom-made)<\/p><\/li><li><p data-path-to-node=\"7,4,0\">Zaawansowany <b>Mapping 3D<\/b><\/p><\/li><li><p data-path-to-node=\"7,5,0\">Kompletna realizacja live video<\/p><\/li><li><p data-path-to-node=\"7,6,0\">Nowoczesne systemy sterowania multimediami<\/p><\/li><li><p data-path-to-node=\"7,7,0\"><b>Monta\u017c, obs\u0142uga techniczna i pe\u0142ne wsparcie<\/b> na ka\u017cdym etapie projektu<\/p><\/li><\/ul><h3 data-path-to-node=\"8\">Dla Kogo Pracujemy?<\/h3><ul data-path-to-node=\"9\"><li><p data-path-to-node=\"9,0,0\"><b>Koncerty i Festiwale Muzyczne<\/b><\/p><\/li><li><p data-path-to-node=\"9,1,0\"><b>Eventy Korporacyjne i Premiery Produkt\u00f3w<\/b><\/p><\/li><li><p data-path-to-node=\"9,2,0\"><b>Konferencje, Kongresy i Szkolenia Bran\u017cowe<\/b><\/p><\/li><li><p data-path-to-node=\"9,3,0\"><b>Gale, Ceremonie oraz Prezentacje Biznesowe<\/b><\/p><\/li><li><p data-path-to-node=\"9,4,0\"><b>Imprezy i Wydarzenia Plenerowe<\/b><\/p><\/li><\/ul>\t\t\t\t\t\t\t\t<\/div>\n\t\t\t\t<\/div>\n\t\t<div class=\"elementor-element elementor-element-22b4b507 e-con-full e-flex e-con e-child\" data-id=\"22b4b507\" data-element_type=\"container\">\n\t\t\t\t<div class=\"elementor-element elementor-element-51483709 elementor-widget elementor-widget-image\" data-id=\"51483709\" data-element_type=\"widget\" data-widget_type=\"image.default\">\n\t\t\t\t\t\t\t\t\t\t\t\t\t\t\t<img fetchpriority=\"high\" decoding=\"async\" width=\"1024\" height=\"768\" src=\"http:\/\/roboczaxybergen.pl\/wp-content\/uploads\/2025\/12\/IMG_7389-1024x768.jpeg\" class=\"attachment-large size-large wp-image-60\" alt=\"\" srcset=\"http:\/\/roboczaxybergen.pl\/wp-content\/uploads\/2025\/12\/IMG_7389-1024x768.jpeg 1024w, http:\/\/roboczaxybergen.pl\/wp-content\/uploads\/2025\/12\/IMG_7389-300x225.jpeg 300w, http:\/\/roboczaxybergen.pl\/wp-content\/uploads\/2025\/12\/IMG_7389-768x576.jpeg 768w, http:\/\/roboczaxybergen.pl\/wp-content\/uploads\/2025\/12\/IMG_7389-1536x1152.jpeg 1536w, http:\/\/roboczaxybergen.pl\/wp-content\/uploads\/2025\/12\/IMG_7389.jpeg 2048w\" sizes=\"(max-width: 1024px) 100vw, 1024px\" \/>\t\t\t\t\t\t\t\t\t\t\t\t\t\t\t<\/div>\n\t\t\t\t<\/div>\n\t\t\t\t<\/div>\n\t\t\t\t\t<\/div>\n\t\t\t\t<\/div>\n\t\t\t\t<\/div>\n\t\t","protected":false},"excerpt":{"rendered":"<p>Multimedia Strona g\u0142\u00f3wna Kompleksowe Rozwi\u0105zania Multimedialne: Ekrany LED, Projekcje i Wizualizacje Nowoczesne technologie multimedialne stanowi\u0105 fundamentalny element ka\u017cdej profesjonalnej realizacji eventowej. Wykorzystuj\u0105c zaawansowane ekrany LED, innowacyjne systemy projekcyjne oraz kreatywne wizualizacje, kreujemy unikatow\u0105 opraw\u0119 wizualn\u0105, kt\u00f3ra skutecznie przyci\u0105ga uwag\u0119 odbiorc\u00f3w i znacz\u0105co wzmacnia przekaz Pa\u0144stwa wydarzenia. Kluczowe Elementy Naszej Oferty: Ekrany LED Wysokiej Rozdzielczo\u015bci: Idealne [&hellip;]<\/p>\n","protected":false},"author":1,"featured_media":0,"parent":0,"menu_order":0,"comment_status":"closed","ping_status":"closed","template":"elementor_header_footer","meta":{"footnotes":""},"class_list":["post-116","page","type-page","status-publish","hentry"],"_links":{"self":[{"href":"http:\/\/roboczaxybergen.pl\/index.php?rest_route=\/wp\/v2\/pages\/116","targetHints":{"allow":["GET"]}}],"collection":[{"href":"http:\/\/roboczaxybergen.pl\/index.php?rest_route=\/wp\/v2\/pages"}],"about":[{"href":"http:\/\/roboczaxybergen.pl\/index.php?rest_route=\/wp\/v2\/types\/page"}],"author":[{"embeddable":true,"href":"http:\/\/roboczaxybergen.pl\/index.php?rest_route=\/wp\/v2\/users\/1"}],"replies":[{"embeddable":true,"href":"http:\/\/roboczaxybergen.pl\/index.php?rest_route=%2Fwp%2Fv2%2Fcomments&post=116"}],"version-history":[{"count":7,"href":"http:\/\/roboczaxybergen.pl\/index.php?rest_route=\/wp\/v2\/pages\/116\/revisions"}],"predecessor-version":[{"id":219,"href":"http:\/\/roboczaxybergen.pl\/index.php?rest_route=\/wp\/v2\/pages\/116\/revisions\/219"}],"wp:attachment":[{"href":"http:\/\/roboczaxybergen.pl\/index.php?rest_route=%2Fwp%2Fv2%2Fmedia&parent=116"}],"curies":[{"name":"wp","href":"https:\/\/api.w.org\/{rel}","templated":true}]}}