{"id":127,"date":"2025-12-14T18:30:27","date_gmt":"2025-12-14T17:30:27","guid":{"rendered":"http:\/\/roboczaxybergen.pl\/?page_id=127"},"modified":"2025-12-16T11:21:14","modified_gmt":"2025-12-16T10:21:14","slug":"sprzet-estradowy","status":"publish","type":"page","link":"http:\/\/roboczaxybergen.pl\/?page_id=127","title":{"rendered":"Sprz\u0119t estradowy"},"content":{"rendered":"\t\t<div data-elementor-type=\"wp-page\" data-elementor-id=\"127\" class=\"elementor elementor-127\">\n\t\t\t\t<div class=\"elementor-element elementor-element-678f9c34 e-flex e-con-boxed e-con e-parent\" data-id=\"678f9c34\" data-element_type=\"container\" data-settings=\"{&quot;background_background&quot;:&quot;classic&quot;}\">\n\t\t\t\t\t<div class=\"e-con-inner\">\n\t\t<div class=\"elementor-element elementor-element-71091d22 e-con-full e-grid e-con e-child\" data-id=\"71091d22\" data-element_type=\"container\">\n\t\t<div class=\"elementor-element elementor-element-6816829 e-con-full e-flex e-con e-child\" data-id=\"6816829\" data-element_type=\"container\">\n\t\t\t\t<div class=\"elementor-element elementor-element-310dd0a0 elementor-widget elementor-widget-heading\" data-id=\"310dd0a0\" data-element_type=\"widget\" data-widget_type=\"heading.default\">\n\t\t\t\t\t<h2 class=\"elementor-heading-title elementor-size-default\">Sprz\u0119t estradowy<\/h2>\t\t\t\t<\/div>\n\t\t\t\t<div class=\"elementor-element elementor-element-70ac49f6 elementor-widget elementor-widget-button\" data-id=\"70ac49f6\" data-element_type=\"widget\" data-widget_type=\"button.default\">\n\t\t\t\t\t\t\t\t\t\t<a class=\"elementor-button elementor-button-link elementor-size-sm\" href=\"http:\/\/roboczaxybergen.pl\/\">\n\t\t\t\t\t\t<span class=\"elementor-button-content-wrapper\">\n\t\t\t\t\t\t\t\t\t<span class=\"elementor-button-text\">Strona g\u0142\u00f3wna<\/span>\n\t\t\t\t\t<\/span>\n\t\t\t\t\t<\/a>\n\t\t\t\t\t\t\t\t<\/div>\n\t\t\t\t<div class=\"elementor-element elementor-element-5b3b4d40 elementor-widget elementor-widget-text-editor\" data-id=\"5b3b4d40\" data-element_type=\"widget\" data-widget_type=\"text-editor.default\">\n\t\t\t\t\t\t\t\t\t<h2 data-path-to-node=\"0\">Profesjonalny Sprz\u0119t Estradowy: Sceny, Konstrukcje i Rigging<\/h2><p data-path-to-node=\"1\">Zapewniamy <b>solidne, bezpieczne i certyfikowane rozwi\u0105zania estradowe<\/b>, kt\u00f3re stanowi\u0105 niezb\u0119dny fundament ka\u017cdego profesjonalnego wydarzenia. Oferujemy kompleksowy monta\u017c <b>scen, konstrukcji aluminiowych (truss)<\/b> oraz zaawansowanych <b>system\u00f3w riggingowych<\/b>, umo\u017cliwiaj\u0105cych bezpieczne podwieszenie o\u015bwietlenia, nag\u0142o\u015bnienia i instalacji multimedialnych.<\/p><hr data-path-to-node=\"2\" \/><h3 data-path-to-node=\"3\">Nasze Kluczowe Elementy Infrastruktury:<\/h3><ul data-path-to-node=\"4\"><li><p data-path-to-node=\"4,0,0\"><b>Profesjonalne Sceny Modu\u0142owe:<\/b> Budujemy sceny o zr\u00f3\u017cnicowanych wymiarach i konfiguracjach, perfekcyjnie dopasowane do charakteru wydarzenia \u2013 od <b>ma\u0142ych podest\u00f3w eventowych<\/b> po <b>wielkopowierzchniowe sceny koncertowe<\/b> z certyfikowanym zadaszeniem.<\/p><\/li><li><p data-path-to-node=\"4,1,0\"><b>Certyfikowane Konstrukcje Aluminiowe (Truss):<\/b> Wytrzyma\u0142e i atestowane konstrukcje kratownicowe, umo\u017cliwiaj\u0105ce bezpieczny i stabilny monta\u017c <b>o\u015bwietlenia, ekran\u00f3w LED, nag\u0142o\u015bnienia<\/b> oraz element\u00f3w scenograficznych.<\/p><\/li><li><p data-path-to-node=\"4,2,0\"><b>Rigging i Systemy Podwiesze\u0144:<\/b> Wykonujemy bezpieczne i precyzyjne <b>podwieszenia sprz\u0119tu technicznego<\/b>, korzystaj\u0105c wy\u0142\u0105cznie z <b>atestowanych komponent\u00f3w (\u0142a\u0144cuchy, liny, wyci\u0105garki)<\/b> i sprawdzonych procedur.<\/p><\/li><\/ul><h3 data-path-to-node=\"5\">\ud83d\udee1\ufe0f Bezpiecze\u0144stwo i Profesjonalizm:<\/h3><p data-path-to-node=\"6\"><b>Bezpiecze\u0144stwo jest naszym priorytetem.<\/b> Wszystkie konstrukcje s\u0105 montowane z zachowaniem <b>rygorystycznych norm technicznych<\/b> oraz obowi\u0105zuj\u0105cych zasad BHP. Ka\u017cdy element instalacji przechodzi szczeg\u00f3\u0142ow\u0105 kontrol\u0119 i jest obj\u0119ty pe\u0142nym nadzorem technicznym.<\/p><hr data-path-to-node=\"7\" \/><h3 data-path-to-node=\"8\">Zakres Us\u0142ug Estradowych:<\/h3><ul data-path-to-node=\"9\"><li><p data-path-to-node=\"9,0,0\"><b>Dostawa i monta\u017c scen mobilnych i modu\u0142owych.<\/b><\/p><\/li><li><p data-path-to-node=\"9,1,0\"><b>Budowa konstrukcji trussowych<\/b> (r\u00f3\u017cne konfiguracje: bramy, kratownice, konstrukcje U i H).<\/p><\/li><li><p data-path-to-node=\"9,2,0\"><b>Instalacja system\u00f3w podwiesze\u0144 (rigging)<\/b> z u\u017cyciem profesjonalnych wyci\u0105garek elektrycznych.<\/p><\/li><li><p data-path-to-node=\"9,3,0\"><b>Monta\u017c atestowanych zadasze\u0144 scenicznych.<\/b><\/p><\/li><li><p data-path-to-node=\"9,4,0\">Dostarczanie <b>barier ochronnych i zabezpieczaj\u0105cych (crowd control)<\/b> oraz ogrodze\u0144.<\/p><\/li><li><p data-path-to-node=\"9,5,0\"><b>Monta\u017c, demonta\u017c<\/b> oraz <b>pe\u0142ny nadz\u00f3r in\u017cynierski i techniczny<\/b> nad ca\u0142\u0105 konstrukcj\u0105.<\/p><\/li><\/ul><h3 data-path-to-node=\"10\">Idealne Rozwi\u0105zania dla:<\/h3><ul data-path-to-node=\"11\"><li><p data-path-to-node=\"11,0,0\"><b>Koncert\u00f3w i Festiwali Muzycznych<\/b><\/p><\/li><li><p data-path-to-node=\"11,1,0\"><b>Event\u00f3w Firmowych, Gal i Bankiet\u00f3w<\/b><\/p><\/li><li><p data-path-to-node=\"11,2,0\"><b>Wielkich Imprez Plenerowych<\/b><\/p><\/li><li><p data-path-to-node=\"11,3,0\"><b>Konferencji, Targ\u00f3w i Pokaz\u00f3w<\/b><\/p><\/li><li><p data-path-to-node=\"11,4,0\"><b>Wydarze\u0144 Sportowych i Event\u00f3w Miejskich<\/b><\/p><\/li><\/ul>\t\t\t\t\t\t\t\t<\/div>\n\t\t\t\t<\/div>\n\t\t<div class=\"elementor-element elementor-element-299e1c7 e-con-full e-flex e-con e-child\" data-id=\"299e1c7\" data-element_type=\"container\">\n\t\t\t\t<div class=\"elementor-element elementor-element-36900530 elementor-widget elementor-widget-image\" data-id=\"36900530\" data-element_type=\"widget\" data-widget_type=\"image.default\">\n\t\t\t\t\t\t\t\t\t\t\t\t\t\t\t<img fetchpriority=\"high\" decoding=\"async\" width=\"1024\" height=\"768\" src=\"http:\/\/roboczaxybergen.pl\/wp-content\/uploads\/2025\/12\/WhatsApp-Image-2021-08-31-at-20.56.48-1024x768.jpeg\" class=\"attachment-large size-large wp-image-68\" alt=\"\" srcset=\"http:\/\/roboczaxybergen.pl\/wp-content\/uploads\/2025\/12\/WhatsApp-Image-2021-08-31-at-20.56.48-1024x768.jpeg 1024w, http:\/\/roboczaxybergen.pl\/wp-content\/uploads\/2025\/12\/WhatsApp-Image-2021-08-31-at-20.56.48-300x225.jpeg 300w, http:\/\/roboczaxybergen.pl\/wp-content\/uploads\/2025\/12\/WhatsApp-Image-2021-08-31-at-20.56.48-768x576.jpeg 768w, http:\/\/roboczaxybergen.pl\/wp-content\/uploads\/2025\/12\/WhatsApp-Image-2021-08-31-at-20.56.48-1536x1152.jpeg 1536w, http:\/\/roboczaxybergen.pl\/wp-content\/uploads\/2025\/12\/WhatsApp-Image-2021-08-31-at-20.56.48.jpeg 2000w\" sizes=\"(max-width: 1024px) 100vw, 1024px\" \/>\t\t\t\t\t\t\t\t\t\t\t\t\t\t\t<\/div>\n\t\t\t\t<\/div>\n\t\t\t\t<\/div>\n\t\t\t\t\t<\/div>\n\t\t\t\t<\/div>\n\t\t\t\t<\/div>\n\t\t","protected":false},"excerpt":{"rendered":"<p>Sprz\u0119t estradowy Strona g\u0142\u00f3wna Profesjonalny Sprz\u0119t Estradowy: Sceny, Konstrukcje i Rigging Zapewniamy solidne, bezpieczne i certyfikowane rozwi\u0105zania estradowe, kt\u00f3re stanowi\u0105 niezb\u0119dny fundament ka\u017cdego profesjonalnego wydarzenia. Oferujemy kompleksowy monta\u017c scen, konstrukcji aluminiowych (truss) oraz zaawansowanych system\u00f3w riggingowych, umo\u017cliwiaj\u0105cych bezpieczne podwieszenie o\u015bwietlenia, nag\u0142o\u015bnienia i instalacji multimedialnych. Nasze Kluczowe Elementy Infrastruktury: Profesjonalne Sceny Modu\u0142owe: Budujemy sceny o zr\u00f3\u017cnicowanych [&hellip;]<\/p>\n","protected":false},"author":1,"featured_media":0,"parent":0,"menu_order":0,"comment_status":"closed","ping_status":"closed","template":"elementor_header_footer","meta":{"footnotes":""},"class_list":["post-127","page","type-page","status-publish","hentry"],"_links":{"self":[{"href":"http:\/\/roboczaxybergen.pl\/index.php?rest_route=\/wp\/v2\/pages\/127","targetHints":{"allow":["GET"]}}],"collection":[{"href":"http:\/\/roboczaxybergen.pl\/index.php?rest_route=\/wp\/v2\/pages"}],"about":[{"href":"http:\/\/roboczaxybergen.pl\/index.php?rest_route=\/wp\/v2\/types\/page"}],"author":[{"embeddable":true,"href":"http:\/\/roboczaxybergen.pl\/index.php?rest_route=\/wp\/v2\/users\/1"}],"replies":[{"embeddable":true,"href":"http:\/\/roboczaxybergen.pl\/index.php?rest_route=%2Fwp%2Fv2%2Fcomments&post=127"}],"version-history":[{"count":7,"href":"http:\/\/roboczaxybergen.pl\/index.php?rest_route=\/wp\/v2\/pages\/127\/revisions"}],"predecessor-version":[{"id":231,"href":"http:\/\/roboczaxybergen.pl\/index.php?rest_route=\/wp\/v2\/pages\/127\/revisions\/231"}],"wp:attachment":[{"href":"http:\/\/roboczaxybergen.pl\/index.php?rest_route=%2Fwp%2Fv2%2Fmedia&parent=127"}],"curies":[{"name":"wp","href":"https:\/\/api.w.org\/{rel}","templated":true}]}}