{"id":132,"date":"2025-12-14T18:32:45","date_gmt":"2025-12-14T17:32:45","guid":{"rendered":"http:\/\/roboczaxybergen.pl\/?page_id=132"},"modified":"2025-12-14T18:35:01","modified_gmt":"2025-12-14T17:35:01","slug":"rental","status":"publish","type":"page","link":"http:\/\/roboczaxybergen.pl\/?page_id=132","title":{"rendered":"Rental"},"content":{"rendered":"\t\t<div data-elementor-type=\"wp-page\" data-elementor-id=\"132\" class=\"elementor elementor-132\">\n\t\t\t\t<div class=\"elementor-element elementor-element-72674597 e-flex e-con-boxed e-con e-parent\" data-id=\"72674597\" data-element_type=\"container\" data-settings=\"{&quot;background_background&quot;:&quot;classic&quot;}\">\n\t\t\t\t\t<div class=\"e-con-inner\">\n\t\t<div class=\"elementor-element elementor-element-1babccc6 e-con-full e-grid e-con e-child\" data-id=\"1babccc6\" data-element_type=\"container\">\n\t\t<div class=\"elementor-element elementor-element-71aebf50 e-con-full e-flex e-con e-child\" data-id=\"71aebf50\" data-element_type=\"container\">\n\t\t\t\t<div class=\"elementor-element elementor-element-70fc4002 elementor-widget elementor-widget-heading\" data-id=\"70fc4002\" data-element_type=\"widget\" data-widget_type=\"heading.default\">\n\t\t\t\t\t<h2 class=\"elementor-heading-title elementor-size-default\">Wynajem sprz\u0119tu<\/h2>\t\t\t\t<\/div>\n\t\t\t\t<div class=\"elementor-element elementor-element-3b62a8f2 elementor-widget elementor-widget-button\" data-id=\"3b62a8f2\" data-element_type=\"widget\" data-widget_type=\"button.default\">\n\t\t\t\t\t\t\t\t\t\t<a class=\"elementor-button elementor-button-link elementor-size-sm\" href=\"http:\/\/roboczaxybergen.pl\/\">\n\t\t\t\t\t\t<span class=\"elementor-button-content-wrapper\">\n\t\t\t\t\t\t\t\t\t<span class=\"elementor-button-text\">Strona g\u0142\u00f3wna<\/span>\n\t\t\t\t\t<\/span>\n\t\t\t\t\t<\/a>\n\t\t\t\t\t\t\t\t<\/div>\n\t\t\t\t<div class=\"elementor-element elementor-element-43cefc2b elementor-widget elementor-widget-text-editor\" data-id=\"43cefc2b\" data-element_type=\"widget\" data-widget_type=\"text-editor.default\">\n\t\t\t\t\t\t\t\t\t<h2>O\u015bwietlenie, nag\u0142o\u015bnienie, sceny \u2013 kr\u00f3tko i d\u0142ugoterminowo<\/h2>\t\t\t\t\t\t\t\t<\/div>\n\t\t<div class=\"elementor-element elementor-element-99a7e73 e-con-full e-grid e-con e-child\" data-id=\"99a7e73\" data-element_type=\"container\">\n\t\t<div class=\"elementor-element elementor-element-1305973 e-con-full e-flex e-con e-child\" data-id=\"1305973\" data-element_type=\"container\">\n\t\t\t\t<div class=\"elementor-element elementor-element-52732d5 elementor-widget elementor-widget-heading\" data-id=\"52732d5\" data-element_type=\"widget\" data-widget_type=\"heading.default\">\n\t\t\t\t\t<h2 class=\"elementor-heading-title elementor-size-default\">Nazwa sprz\u0119tu<\/h2>\t\t\t\t<\/div>\n\t\t\t\t<\/div>\n\t\t<div class=\"elementor-element elementor-element-a95113d e-con-full e-flex e-con e-child\" data-id=\"a95113d\" data-element_type=\"container\">\n\t\t\t\t<div class=\"elementor-element elementor-element-8197ebd elementor-widget elementor-widget-heading\" data-id=\"8197ebd\" data-element_type=\"widget\" data-widget_type=\"heading.default\">\n\t\t\t\t\t<h2 class=\"elementor-heading-title elementor-size-default\">Cena<\/h2>\t\t\t\t<\/div>\n\t\t\t\t<\/div>\n\t\t\t\t<\/div>\n\t\t\t\t<\/div>\n\t\t<div class=\"elementor-element elementor-element-8225853 e-con-full e-flex e-con e-child\" data-id=\"8225853\" data-element_type=\"container\">\n\t\t\t\t<div class=\"elementor-element elementor-element-4545ac7a elementor-widget elementor-widget-image\" data-id=\"4545ac7a\" data-element_type=\"widget\" data-widget_type=\"image.default\">\n\t\t\t\t\t\t\t\t\t\t\t\t\t\t\t<img fetchpriority=\"high\" decoding=\"async\" width=\"1024\" height=\"683\" src=\"http:\/\/roboczaxybergen.pl\/wp-content\/uploads\/2025\/12\/MG_6089-1-1024x683.jpg\" class=\"attachment-large size-large wp-image-59\" alt=\"\" srcset=\"http:\/\/roboczaxybergen.pl\/wp-content\/uploads\/2025\/12\/MG_6089-1-1024x683.jpg 1024w, http:\/\/roboczaxybergen.pl\/wp-content\/uploads\/2025\/12\/MG_6089-1-300x200.jpg 300w, http:\/\/roboczaxybergen.pl\/wp-content\/uploads\/2025\/12\/MG_6089-1-768x512.jpg 768w, http:\/\/roboczaxybergen.pl\/wp-content\/uploads\/2025\/12\/MG_6089-1-1536x1024.jpg 1536w, http:\/\/roboczaxybergen.pl\/wp-content\/uploads\/2025\/12\/MG_6089-1-2048x1366.jpg 2048w\" sizes=\"(max-width: 1024px) 100vw, 1024px\" \/>\t\t\t\t\t\t\t\t\t\t\t\t\t\t\t<\/div>\n\t\t\t\t<\/div>\n\t\t\t\t<\/div>\n\t\t\t\t\t<\/div>\n\t\t\t\t<\/div>\n\t\t\t\t<\/div>\n\t\t","protected":false},"excerpt":{"rendered":"<p>Wynajem sprz\u0119tu Strona g\u0142\u00f3wna O\u015bwietlenie, nag\u0142o\u015bnienie, sceny \u2013 kr\u00f3tko i d\u0142ugoterminowo Nazwa sprz\u0119tu Cena<\/p>\n","protected":false},"author":1,"featured_media":0,"parent":0,"menu_order":0,"comment_status":"closed","ping_status":"closed","template":"elementor_header_footer","meta":{"footnotes":""},"class_list":["post-132","page","type-page","status-publish","hentry"],"_links":{"self":[{"href":"http:\/\/roboczaxybergen.pl\/index.php?rest_route=\/wp\/v2\/pages\/132","targetHints":{"allow":["GET"]}}],"collection":[{"href":"http:\/\/roboczaxybergen.pl\/index.php?rest_route=\/wp\/v2\/pages"}],"about":[{"href":"http:\/\/roboczaxybergen.pl\/index.php?rest_route=\/wp\/v2\/types\/page"}],"author":[{"embeddable":true,"href":"http:\/\/roboczaxybergen.pl\/index.php?rest_route=\/wp\/v2\/users\/1"}],"replies":[{"embeddable":true,"href":"http:\/\/roboczaxybergen.pl\/index.php?rest_route=%2Fwp%2Fv2%2Fcomments&post=132"}],"version-history":[{"count":4,"href":"http:\/\/roboczaxybergen.pl\/index.php?rest_route=\/wp\/v2\/pages\/132\/revisions"}],"predecessor-version":[{"id":136,"href":"http:\/\/roboczaxybergen.pl\/index.php?rest_route=\/wp\/v2\/pages\/132\/revisions\/136"}],"wp:attachment":[{"href":"http:\/\/roboczaxybergen.pl\/index.php?rest_route=%2Fwp%2Fv2%2Fmedia&parent=132"}],"curies":[{"name":"wp","href":"https:\/\/api.w.org\/{rel}","templated":true}]}}